{"id":3810,"date":"2023-08-23T13:26:01","date_gmt":"2023-08-23T13:26:01","guid":{"rendered":"https:\/\/ebsproject.org\/?page_id=3810"},"modified":"2025-06-04T09:53:22","modified_gmt":"2025-06-04T09:53:22","slug":"user-guides","status":"publish","type":"page","link":"https:\/\/ebsproject.org\/es\/user-guides\/","title":{"rendered":"Gu\u00edas de usuario"},"content":{"rendered":"<div data-elementor-type=\"wp-page\" data-elementor-id=\"3810\" class=\"elementor elementor-3810\" data-elementor-post-type=\"page\">\n\t\t\t\t<div class=\"elementor-element elementor-element-7c434f7 e-flex e-con-boxed e-con e-parent\" data-id=\"7c434f7\" data-element_type=\"container\" data-e-type=\"container\">\n\t\t\t\t\t<div class=\"e-con-inner\">\n\t\t\t\t<div class=\"elementor-element elementor-element-013dd59 elementor-widget elementor-widget-heading\" data-id=\"013dd59\" data-element_type=\"widget\" data-e-type=\"widget\" data-widget_type=\"heading.default\">\n\t\t\t\t\t<h2 class=\"elementor-heading-title elementor-size-default\">Training courses<\/h2>\t\t\t\t<\/div>\n\t\t\t\t\t<\/div>\n\t\t\t\t<\/div>\n\t\t<div class=\"elementor-element elementor-element-6124969 e-flex e-con-boxed e-con e-parent\" data-id=\"6124969\" data-element_type=\"container\" data-e-type=\"container\">\n\t\t\t\t\t<div class=\"e-con-inner\">\n\t\t<div class=\"elementor-element elementor-element-742090e e-con-full e-flex e-con e-child\" data-id=\"742090e\" data-element_type=\"container\" data-e-type=\"container\">\n\t\t\t\t<div class=\"elementor-element elementor-element-12eb828 elementor-widget elementor-widget-image\" data-id=\"12eb828\" data-element_type=\"widget\" data-e-type=\"widget\" data-widget_type=\"image.default\">\n\t\t\t\t\t\t\t\t\t\t\t\t\t\t\t\t<a href=\"https:\/\/ebsproject.atlassian.net\/wiki\/spaces\/EUG\/pages\/29560406030\/EBS+User+Guides\">\n\t\t\t\t\t\t\t<img fetchpriority=\"high\" decoding=\"async\" width=\"800\" height=\"293\" src=\"https:\/\/ebsproject.org\/wp-content\/uploads\/2023\/08\/EBS-course-1024x375.jpg\" class=\"attachment-large size-large wp-image-3824\" alt=\"\" srcset=\"https:\/\/ebsproject.org\/wp-content\/uploads\/2023\/08\/EBS-course-1024x375.jpg 1024w, https:\/\/ebsproject.org\/wp-content\/uploads\/2023\/08\/EBS-course-300x110.jpg 300w, https:\/\/ebsproject.org\/wp-content\/uploads\/2023\/08\/EBS-course-768x281.jpg 768w, https:\/\/ebsproject.org\/wp-content\/uploads\/2023\/08\/EBS-course.jpg 1259w\" sizes=\"(max-width: 800px) 100vw, 800px\" \/>\t\t\t\t\t\t\t\t<\/a>\n\t\t\t\t\t\t\t\t\t\t\t\t\t\t\t<\/div>\n\t\t\t\t<\/div>\n\t\t<div class=\"elementor-element elementor-element-690ce3e e-con-full e-flex e-con e-child\" data-id=\"690ce3e\" data-element_type=\"container\" data-e-type=\"container\">\n\t\t\t\t<div class=\"elementor-element elementor-element-c5640be elementor-widget elementor-widget-text-editor\" data-id=\"c5640be\" data-element_type=\"widget\" data-e-type=\"widget\" data-widget_type=\"text-editor.default\">\n\t\t\t\t\t\t\t\t\t<p>EBS online learning course are now available through the Excellence in Breeding&#8217;s Learning Management System.\u00a0<\/p>\t\t\t\t\t\t\t\t<\/div>\n\t\t\t\t<div class=\"elementor-element elementor-element-bd557a3 elementor-align-center elementor-widget elementor-widget-button\" data-id=\"bd557a3\" data-element_type=\"widget\" data-e-type=\"widget\" data-widget_type=\"button.default\">\n\t\t\t\t\t\t\t\t\t\t<a class=\"elementor-button elementor-button-link elementor-size-sm\" href=\"https:\/\/lms.excellenceinbreeding.org\/\">\n\t\t\t\t\t\t<span class=\"elementor-button-content-wrapper\">\n\t\t\t\t\t\t\t\t\t<span class=\"elementor-button-text\">Register<\/span>\n\t\t\t\t\t<\/span>\n\t\t\t\t\t<\/a>\n\t\t\t\t\t\t\t\t<\/div>\n\t\t\t\t<\/div>\n\t\t\t\t\t<\/div>\n\t\t\t\t<\/div>\n\t\t<div class=\"elementor-element elementor-element-29f9493 e-flex e-con-boxed e-con e-parent\" data-id=\"29f9493\" data-element_type=\"container\" data-e-type=\"container\">\n\t\t\t\t\t<div class=\"e-con-inner\">\n\t\t\t\t<div class=\"elementor-element elementor-element-db06f3c elementor-widget elementor-widget-spacer\" data-id=\"db06f3c\" data-element_type=\"widget\" data-e-type=\"widget\" data-widget_type=\"spacer.default\">\n\t\t\t\t\t\t\t<div class=\"elementor-spacer\">\n\t\t\t<div class=\"elementor-spacer-inner\"><\/div>\n\t\t<\/div>\n\t\t\t\t\t\t<\/div>\n\t\t\t\t\t<\/div>\n\t\t\t\t<\/div>\n\t\t<div class=\"elementor-element elementor-element-806c491 e-flex e-con-boxed e-con e-parent\" data-id=\"806c491\" data-element_type=\"container\" data-e-type=\"container\">\n\t\t\t\t\t<div class=\"e-con-inner\">\n\t\t\t\t<div class=\"elementor-element elementor-element-50a71ab elementor-widget elementor-widget-heading\" data-id=\"50a71ab\" data-element_type=\"widget\" data-e-type=\"widget\" data-widget_type=\"heading.default\">\n\t\t\t\t\t<h2 class=\"elementor-heading-title elementor-size-default\">Gu\u00edas de usuario<\/h2>\t\t\t\t<\/div>\n\t\t\t\t\t<\/div>\n\t\t\t\t<\/div>\n\t\t<div class=\"elementor-element elementor-element-9f310fb e-flex e-con-boxed e-con e-parent\" data-id=\"9f310fb\" data-element_type=\"container\" data-e-type=\"container\">\n\t\t\t\t\t<div class=\"e-con-inner\">\n\t\t<div class=\"elementor-element elementor-element-e6dd427 e-con-full e-flex e-con e-child\" data-id=\"e6dd427\" data-element_type=\"container\" data-e-type=\"container\">\n\t\t\t\t<div class=\"elementor-element elementor-element-b82b818 elementor-widget elementor-widget-image\" data-id=\"b82b818\" data-element_type=\"widget\" data-e-type=\"widget\" data-widget_type=\"image.default\">\n\t\t\t\t\t\t\t\t\t\t\t\t\t\t\t\t<a href=\"https:\/\/ebsproject.atlassian.net\/wiki\/spaces\/EUG\/pages\/29560406030\/EBS+User+Guides\">\n\t\t\t\t\t\t\t<img decoding=\"async\" width=\"800\" height=\"346\" src=\"https:\/\/ebsproject.org\/wp-content\/uploads\/2023\/08\/User-guide-in-English.jpg\" class=\"attachment-large size-large wp-image-3816\" alt=\"EBS user guide in English_Cover image\" srcset=\"https:\/\/ebsproject.org\/wp-content\/uploads\/2023\/08\/User-guide-in-English.jpg 969w, https:\/\/ebsproject.org\/wp-content\/uploads\/2023\/08\/User-guide-in-English-300x130.jpg 300w, https:\/\/ebsproject.org\/wp-content\/uploads\/2023\/08\/User-guide-in-English-768x332.jpg 768w\" sizes=\"(max-width: 800px) 100vw, 800px\" \/>\t\t\t\t\t\t\t\t<\/a>\n\t\t\t\t\t\t\t\t\t\t\t\t\t\t\t<\/div>\n\t\t\t\t<\/div>\n\t\t<div class=\"elementor-element elementor-element-3a6f04c e-con-full e-flex e-con e-child\" data-id=\"3a6f04c\" data-element_type=\"container\" data-e-type=\"container\">\n\t\t\t\t<div class=\"elementor-element elementor-element-4234e58 elementor-widget elementor-widget-heading\" data-id=\"4234e58\" data-element_type=\"widget\" data-e-type=\"widget\" data-widget_type=\"heading.default\">\n\t\t\t\t\t<h2 class=\"elementor-heading-title elementor-size-default\"><a href=\"https:\/\/ebsproject.atlassian.net\/wiki\/spaces\/EUG\/pages\/29560406030\/EBS+User+Guides\">English<\/a><\/h2>\t\t\t\t<\/div>\n\t\t\t\t<div class=\"elementor-element elementor-element-c9c4556 elementor-widget elementor-widget-text-editor\" data-id=\"c9c4556\" data-element_type=\"widget\" data-e-type=\"widget\" data-widget_type=\"text-editor.default\">\n\t\t\t\t\t\t\t\t\t<p>Core Breeding, Analytics, Service Management, Core System&#8230; Navigate your way through EBS<\/p>\t\t\t\t\t\t\t\t<\/div>\n\t\t\t\t<div class=\"elementor-element elementor-element-2571054 elementor-align-center elementor-widget elementor-widget-button\" data-id=\"2571054\" data-element_type=\"widget\" data-e-type=\"widget\" data-widget_type=\"button.default\">\n\t\t\t\t\t\t\t\t\t\t<a class=\"elementor-button elementor-button-link elementor-size-sm\" href=\"https:\/\/ebsproject.atlassian.net\/wiki\/spaces\/EUG\/pages\/29560406030\/EBS+User+Guides\">\n\t\t\t\t\t\t<span class=\"elementor-button-content-wrapper\">\n\t\t\t\t\t\t\t\t\t<span class=\"elementor-button-text\">Consult<\/span>\n\t\t\t\t\t<\/span>\n\t\t\t\t\t<\/a>\n\t\t\t\t\t\t\t\t<\/div>\n\t\t\t\t<\/div>\n\t\t\t\t\t<\/div>\n\t\t\t\t<\/div>\n\t\t<div class=\"elementor-element elementor-element-7e646a0 e-flex e-con-boxed e-con e-parent\" data-id=\"7e646a0\" data-element_type=\"container\" data-e-type=\"container\">\n\t\t\t\t\t<div class=\"e-con-inner\">\n\t\t<div class=\"elementor-element elementor-element-4f2fd79 e-con-full e-flex e-con e-child\" data-id=\"4f2fd79\" data-element_type=\"container\" data-e-type=\"container\">\n\t\t\t\t<div class=\"elementor-element elementor-element-d31182d elementor-widget elementor-widget-image\" data-id=\"d31182d\" data-element_type=\"widget\" data-e-type=\"widget\" data-widget_type=\"image.default\">\n\t\t\t\t\t\t\t\t\t\t\t\t\t\t\t\t<a href=\"https:\/\/ebsproject.atlassian.net\/wiki\/spaces\/EUG\/pages\/29278240953\/EBS+Guias+de+Usuario\">\n\t\t\t\t\t\t\t<img decoding=\"async\" width=\"800\" height=\"254\" src=\"https:\/\/ebsproject.org\/wp-content\/uploads\/2023\/08\/User-guide-in-Spanish-e1692800785253-1024x325.jpg\" class=\"attachment-large size-large wp-image-3823\" alt=\"\" srcset=\"https:\/\/ebsproject.org\/wp-content\/uploads\/2023\/08\/User-guide-in-Spanish-e1692800785253-1024x325.jpg 1024w, https:\/\/ebsproject.org\/wp-content\/uploads\/2023\/08\/User-guide-in-Spanish-e1692800785253-300x95.jpg 300w, https:\/\/ebsproject.org\/wp-content\/uploads\/2023\/08\/User-guide-in-Spanish-e1692800785253-768x244.jpg 768w, https:\/\/ebsproject.org\/wp-content\/uploads\/2023\/08\/User-guide-in-Spanish-e1692800785253.jpg 1218w\" sizes=\"(max-width: 800px) 100vw, 800px\" \/>\t\t\t\t\t\t\t\t<\/a>\n\t\t\t\t\t\t\t\t\t\t\t\t\t\t\t<\/div>\n\t\t\t\t<\/div>\n\t\t<div class=\"elementor-element elementor-element-e7c1b0e e-con-full e-flex e-con e-child\" data-id=\"e7c1b0e\" data-element_type=\"container\" data-e-type=\"container\">\n\t\t\t\t<div class=\"elementor-element elementor-element-4621954 elementor-widget elementor-widget-heading\" data-id=\"4621954\" data-element_type=\"widget\" data-e-type=\"widget\" data-widget_type=\"heading.default\">\n\t\t\t\t\t<h2 class=\"elementor-heading-title elementor-size-default\"><a href=\"https:\/\/ebsproject.atlassian.net\/wiki\/spaces\/EUG\/pages\/29278240953\/EBS+Guias+de+Usuario\">Espa\u00f1ol<\/a><\/h2>\t\t\t\t<\/div>\n\t\t\t\t<div class=\"elementor-element elementor-element-9e562e4 elementor-widget elementor-widget-text-editor\" data-id=\"9e562e4\" data-element_type=\"widget\" data-e-type=\"widget\" data-widget_type=\"text-editor.default\">\n\t\t\t\t\t\t\t\t\t<p>Centro de Mejoramiento, Gestion de Servicios, Analisis, Sistema Central&#8230; navegue a traves de las herramientas del EBS<\/p>\t\t\t\t\t\t\t\t<\/div>\n\t\t\t\t<div class=\"elementor-element elementor-element-dbe3445 elementor-align-center elementor-widget elementor-widget-button\" data-id=\"dbe3445\" data-element_type=\"widget\" data-e-type=\"widget\" data-widget_type=\"button.default\">\n\t\t\t\t\t\t\t\t\t\t<a class=\"elementor-button elementor-button-link elementor-size-sm\" href=\"https:\/\/ebsproject.atlassian.net\/wiki\/spaces\/EUG\/pages\/29278240953\/EBS+Guias+de+Usuario\">\n\t\t\t\t\t\t<span class=\"elementor-button-content-wrapper\">\n\t\t\t\t\t\t\t\t\t<span class=\"elementor-button-text\">Consultar<\/span>\n\t\t\t\t\t<\/span>\n\t\t\t\t\t<\/a>\n\t\t\t\t\t\t\t\t<\/div>\n\t\t\t\t<\/div>\n\t\t\t\t\t<\/div>\n\t\t\t\t<\/div>\n\t\t<div class=\"elementor-element elementor-element-76ee7b6 e-flex e-con-boxed e-con e-parent\" data-id=\"76ee7b6\" data-element_type=\"container\" data-e-type=\"container\">\n\t\t\t\t\t<div class=\"e-con-inner\">\n\t\t<div class=\"elementor-element elementor-element-362a257 e-con-full e-flex e-con e-child\" data-id=\"362a257\" data-element_type=\"container\" data-e-type=\"container\">\n\t\t\t\t<div class=\"elementor-element elementor-element-00049a6 elementor-widget elementor-widget-image\" data-id=\"00049a6\" data-element_type=\"widget\" data-e-type=\"widget\" data-widget_type=\"image.default\">\n\t\t\t\t\t\t\t\t\t\t\t\t\t\t\t\t<a href=\"https:\/\/ebsproject.atlassian.net\/wiki\/spaces\/EUG\/pages\/29537468417\/Guide+de+l+utilisateur+pour+EBS\">\n\t\t\t\t\t\t\t<img loading=\"lazy\" decoding=\"async\" width=\"800\" height=\"338\" src=\"https:\/\/ebsproject.org\/wp-content\/uploads\/2023\/08\/User-guide-in-French.jpg\" class=\"attachment-large size-large wp-image-3818\" alt=\"User guide in French\" srcset=\"https:\/\/ebsproject.org\/wp-content\/uploads\/2023\/08\/User-guide-in-French.jpg 986w, https:\/\/ebsproject.org\/wp-content\/uploads\/2023\/08\/User-guide-in-French-300x127.jpg 300w, https:\/\/ebsproject.org\/wp-content\/uploads\/2023\/08\/User-guide-in-French-768x325.jpg 768w\" sizes=\"(max-width: 800px) 100vw, 800px\" \/>\t\t\t\t\t\t\t\t<\/a>\n\t\t\t\t\t\t\t\t\t\t\t\t\t\t\t<\/div>\n\t\t\t\t<\/div>\n\t\t<div class=\"elementor-element elementor-element-7272ea8 e-con-full e-flex e-con e-child\" data-id=\"7272ea8\" data-element_type=\"container\" data-e-type=\"container\">\n\t\t\t\t<div class=\"elementor-element elementor-element-c40bf56 elementor-widget elementor-widget-heading\" data-id=\"c40bf56\" data-element_type=\"widget\" data-e-type=\"widget\" data-widget_type=\"heading.default\">\n\t\t\t\t\t<h2 class=\"elementor-heading-title elementor-size-default\"><a href=\"https:\/\/ebsproject.atlassian.net\/wiki\/spaces\/EUG\/pages\/29537468417\/Guide+de+l+utilisateur+pour+EBS\">Fran\u00e7ais<\/a><\/h2>\t\t\t\t<\/div>\n\t\t\t\t<div class=\"elementor-element elementor-element-bd10b21 elementor-widget elementor-widget-text-editor\" data-id=\"bd10b21\" data-element_type=\"widget\" data-e-type=\"widget\" data-widget_type=\"text-editor.default\">\n\t\t\t\t\t\t\t\t\t<p>S\u00e9lection de base, analyse, gestion des services, syst\u00e8me de base&#8230; naviguez \u00e0 travers EBS<\/p>\t\t\t\t\t\t\t\t<\/div>\n\t\t\t\t<div class=\"elementor-element elementor-element-fd427a6 elementor-align-center elementor-widget elementor-widget-button\" data-id=\"fd427a6\" data-element_type=\"widget\" data-e-type=\"widget\" data-widget_type=\"button.default\">\n\t\t\t\t\t\t\t\t\t\t<a class=\"elementor-button elementor-button-link elementor-size-sm\" href=\"https:\/\/ebsproject.atlassian.net\/wiki\/spaces\/EUG\/pages\/29537468417\/Guide+de+l+utilisateur+pour+EBS\">\n\t\t\t\t\t\t<span class=\"elementor-button-content-wrapper\">\n\t\t\t\t\t\t\t\t\t<span class=\"elementor-button-text\">Consulter<\/span>\n\t\t\t\t\t<\/span>\n\t\t\t\t\t<\/a>\n\t\t\t\t\t\t\t\t<\/div>\n\t\t\t\t<\/div>\n\t\t\t\t\t<\/div>\n\t\t\t\t<\/div>\n\t\t\t\t<\/div>","protected":false},"excerpt":{"rendered":"<p>Training courses EBS online learning course are now available through the Excellence in Breeding&#8217;s Learning Management System.\u00a0 Register User guides English Core Breeding, Analytics, Service Management, Core System&#8230; Navigate your [&hellip;]<\/p>\n","protected":false},"author":7,"featured_media":0,"parent":0,"menu_order":0,"comment_status":"closed","ping_status":"closed","template":"elementor_header_footer","meta":{"inline_featured_image":false,"_monsterinsights_skip_tracking":false,"_monsterinsights_sitenote_active":false,"_monsterinsights_sitenote_note":"","_monsterinsights_sitenote_category":0,"_price":"","_stock":"","_tribe_ticket_header":"","_tribe_default_ticket_provider":"","_ticket_start_date":"","_ticket_end_date":"","_tribe_ticket_show_description":"","_tribe_ticket_show_not_going":false,"_tribe_ticket_use_global_stock":"","_tribe_ticket_global_stock_level":"","_global_stock_mode":"","_global_stock_cap":"","_tribe_rsvp_for_event":"","_tribe_ticket_going_count":"","_tribe_ticket_not_going_count":"","_tribe_tickets_list":"[]","_tribe_ticket_has_attendee_info_fields":false,"footnotes":"","_tec_slr_enabled":"","_tec_slr_layout":""},"class_list":["post-3810","page","type-page","status-publish","hentry"],"ticketed":false,"_links":{"self":[{"href":"https:\/\/ebsproject.org\/es\/wp-json\/wp\/v2\/pages\/3810","targetHints":{"allow":["GET"]}}],"collection":[{"href":"https:\/\/ebsproject.org\/es\/wp-json\/wp\/v2\/pages"}],"about":[{"href":"https:\/\/ebsproject.org\/es\/wp-json\/wp\/v2\/types\/page"}],"author":[{"embeddable":true,"href":"https:\/\/ebsproject.org\/es\/wp-json\/wp\/v2\/users\/7"}],"replies":[{"embeddable":true,"href":"https:\/\/ebsproject.org\/es\/wp-json\/wp\/v2\/comments?post=3810"}],"version-history":[{"count":31,"href":"https:\/\/ebsproject.org\/es\/wp-json\/wp\/v2\/pages\/3810\/revisions"}],"predecessor-version":[{"id":3987,"href":"https:\/\/ebsproject.org\/es\/wp-json\/wp\/v2\/pages\/3810\/revisions\/3987"}],"wp:attachment":[{"href":"https:\/\/ebsproject.org\/es\/wp-json\/wp\/v2\/media?parent=3810"}],"curies":[{"name":"wp","href":"https:\/\/api.w.org\/{rel}","templated":true}]}}